{"id":4126,"date":"2021-11-03T09:21:56","date_gmt":"2021-11-03T09:21:56","guid":{"rendered":"https:\/\/ibizaconsulting.com\/fiscalite-et-comptabilite\/"},"modified":"2021-11-03T12:19:53","modified_gmt":"2021-11-03T12:19:53","slug":"fiscalite-et-comptabilite","status":"publish","type":"page","link":"https:\/\/ibizaconsulting.com\/fr\/fiscalite-et-comptabilite\/","title":{"rendered":"Fiscalit\u00e9 et Comptabilit\u00e9"},"content":{"rendered":"<p><section id=\"bt_bb_section69eaaeb049e15\" class=\"bt_bb_section bt_bb_layout_boxed_1200 bt_bb_vertical_align_bottom bt_bb_top_spacing_extra_large bt_bb_bottom_spacing_extra_small\"  data-bt-override-class=\"null\"><div class=\"bt_bb_background_image_holder_wrapper\"><div class=\"bt_bb_background_image_holder bt_bb_parallax\"  data-parallax=\"0\" data-parallax-offset=\"-350\" data-parallax-zoom-start=\"1\" data-parallax-zoom-end=\"1\" data-parallax-blur-start=\"0\" data-parallax-blur-end=\"0\" data-parallax-opacity-start=\"1\" data-parallax-opacity-end=\"1\" style=\" background-image:url(&#039;https:\/\/ibizaconsulting.com\/wp-content\/uploads\/2018\/04\/libro-ibiza-consulting.jpg&#039;);\"><\/div><\/div><div class=\"bt_bb_port\"><div class=\"bt_bb_cell\"><div class=\"bt_bb_cell_inner\"><div class=\"bt_bb_row  bt_bb_column_gap_80\" style=\"; --column-gap:80px;\" data-bt-override-class=\"{}\"><div class=\"bt_bb_row_holder\" ><div  class=\"bt_bb_column col-xxl-8 col-xl-8 bt_bb_vertical_align_top bt_bb_align_left bt_bb_padding_normal\" style=\"; --column-width:8;\" data-width=\"8\" data-bt-override-class=\"{}\"><div class=\"bt_bb_column_content\"><div class=\"bt_bb_column_content_inner\"><header class=\"bt_bb_headline bt_bb_color_scheme_1 bt_bb_dash_top bt_bb_superheadline bt_bb_size_large bt_bb_align_inherit\" style=\"; --primary-color:#ffffff; --secondary-color:#191919;\" data-bt-override-class=\"{&quot;bt_bb_size_&quot;:{&quot;current_class&quot;:&quot;bt_bb_size_large&quot;,&quot;def&quot;:&quot;large&quot;,&quot;xl&quot;:&quot;large&quot;},&quot;bt_bb_align_&quot;:{&quot;current_class&quot;:&quot;bt_bb_align_inherit&quot;,&quot;def&quot;:&quot;inherit&quot;,&quot;xl&quot;:&quot;inherit&quot;}}\"><h1 class=\"bt_bb_headline_tag\"><span class=\"bt_bb_headline_superheadline\">POUR LES ENTREPRISES ET LES IND\u00c9PENDANTS<\/span><span class=\"bt_bb_headline_content\"><span>Conseil en fiscalit\u00e9 et comptabilit\u00e9<\/span><\/span><\/h1><\/header><div class=\"bt_bb_separator bt_bb_border_style_none bt_bb_top_spacing_medium\" data-bt-override-class=\"null\"><\/div><\/div><\/div><\/div><div  class=\"bt_bb_column col-xxl-4 col-xl-4 bt_bb_vertical_align_top bt_bb_align_left bt_bb_padding_normal\" style=\"; --column-width:4;\" data-width=\"4\" data-bt-override-class=\"{}\"><div class=\"bt_bb_column_content\"><div class=\"bt_bb_column_content_inner\"><\/div><\/div><\/div><\/div><\/div><\/div><!-- cell_inner --><\/div><!-- cell --><\/div><!-- port --><\/section><section id=\"bt_bb_section69eaaeb04ae84\" class=\"bt_bb_section bt_bb_layout_boxed_1200 bt_bb_vertical_align_top bt_bb_top_spacing_medium bt_bb_bottom_spacing_small section_1column\"  data-bt-override-class=\"null\"><div class=\"bt_bb_port\"><div class=\"bt_bb_cell\"><div class=\"bt_bb_cell_inner\"><div class=\"bt_bb_row  bt_bb_column_gap_40\" style=\"; --column-gap:40px;\" data-bt-override-class=\"{}\"><div class=\"bt_bb_row_holder\" ><div  class=\"bt_bb_column col-xxl-12 col-xl-12 bt_bb_vertical_align_top bt_bb_align_left bt_bb_padding_normal\" style=\"; --column-width:12;\" data-width=\"12\" data-bt-override-class=\"{&quot;bt_bb_align_&quot;:{&quot;current_class&quot;:&quot;bt_bb_align_left&quot;,&quot;def&quot;:&quot;left&quot;,&quot;xl&quot;:&quot;left&quot;}}\"><div class=\"bt_bb_column_content\"><div class=\"bt_bb_column_content_inner\"><header class=\"bt_bb_headline textojusti bt_bb_color_scheme_2 bt_bb_dash_none bt_bb_size_small bt_bb_align_inherit textojusti\" style=\"; --primary-color:#191919; --secondary-color:#ffffff;\" data-bt-override-class=\"{}\"><h2 class=\"bt_bb_headline_tag\"><span class=\"bt_bb_headline_content\"><span>Nous conseillons en permanence les entreprises, les professionnels et les entrepreneurs dans le respect de leurs obligations fiscales.<\/span><\/span><\/h2><\/header><div class=\"bt_bb_separator bt_bb_border_style_none bt_bb_top_spacing_normal\" data-bt-override-class=\"null\"><\/div><div  class=\"bt_bb_text textojusti\" ><\/p>\n<p>Notre \u00e9quipe de professionnels hautement qualifi\u00e9s g\u00e8re le respect des obligations fiscales vis-\u00e0-vis de l&#8217;administration publique. Nous pr\u00e9parons les comptes de l&#8217;entreprise et, dans le cas des particuliers, la comptabilit\u00e9, en recherchant les \u00e9conomies d&#8217;imp\u00f4ts et le respect des derni\u00e8res r\u00e9glementations en vigueur.<\/p>\n<p>\n<\/div><div class=\"bt_bb_separator bt_bb_border_style_none bt_bb_top_spacing_medium\" data-bt-override-class=\"null\"><\/div><\/div><\/div><\/div><\/div><\/div><div class=\"bt_bb_row  bt_bb_column_gap_40\" style=\"; --column-gap:40px;\" data-bt-override-class=\"{}\"><div class=\"bt_bb_row_holder\" ><div  class=\"bt_bb_column col-xxl-3 col-xl-3 bt_bb_vertical_align_top bt_bb_align_center bt_bb_padding_normal\" style=\"; --column-width:3;\" data-width=\"3\" data-bt-override-class=\"{&quot;bt_bb_align_&quot;:{&quot;current_class&quot;:&quot;bt_bb_align_center&quot;,&quot;def&quot;:&quot;center&quot;,&quot;xl&quot;:&quot;center&quot;}}\"><div class=\"bt_bb_column_content\"><div class=\"bt_bb_column_content_inner\"><div class=\"bt_bb_service bt_bb_color_scheme_5 bt_bb_style_borderless bt_bb_size_normal bt_bb_shape_circle bt_bb_target_self bt_bb_align_inherit\" style=\"; --primary-color:#191919; --secondary-color:var(--accent-color);\" data-bt-override-class=\"{}\"><span  data-ico-business=\"&#xf10a;\" class=\"bt_bb_icon_holder\"><\/span><div class=\"bt_bb_service_content\"><div class=\"bt_bb_service_content_title\">CR\u00c9ATION D'ENTREPRISE<\/div><div class=\"bt_bb_service_content_text\">Analyse du meilleur v\u00e9hicule pour entreprendre l'activit\u00e9 envisag\u00e9e et assistance pour les formalit\u00e9s n\u00e9cessaires.<\/div><\/div><\/div><div class=\"bt_bb_separator bt_bb_border_style_none bt_bb_top_spacing_medium\" data-bt-override-class=\"null\"><\/div><\/div><\/div><\/div><div  class=\"bt_bb_column col-xxl-3 col-xl-3 bt_bb_vertical_align_top bt_bb_align_center bt_bb_padding_normal\" style=\"; --column-width:3;\" data-width=\"3\" data-bt-override-class=\"{&quot;bt_bb_align_&quot;:{&quot;current_class&quot;:&quot;bt_bb_align_center&quot;,&quot;def&quot;:&quot;center&quot;,&quot;xl&quot;:&quot;center&quot;}}\"><div class=\"bt_bb_column_content\"><div class=\"bt_bb_column_content_inner\"><div class=\"bt_bb_service bt_bb_color_scheme_5 bt_bb_style_borderless bt_bb_size_normal bt_bb_shape_circle bt_bb_target_self bt_bb_align_inherit\" style=\"; --primary-color:#191919; --secondary-color:var(--accent-color);\" data-bt-override-class=\"{}\"><a href=\"#\"  target=\"_self\"  title=\"FUSIONS ET ACQUISITIONS\"  data-ico-business=\"&#xf167;\" class=\"bt_bb_icon_holder\"><\/a><div class=\"bt_bb_service_content\"><div class=\"bt_bb_service_content_title\"><a href=\"#\" target=\"_self\" title=\"FUSIONS ET ACQUISITIONS\">FUSIONS ET ACQUISITIONS<\/a><\/div><div class=\"bt_bb_service_content_text\">Nous sommes experts en mati\u00e8re de fusions\/divisions, d'acquisitions et de ventes et achats d'entreprises et de soci\u00e9t\u00e9s.<\/div><\/div><\/div><div class=\"bt_bb_separator bt_bb_border_style_none bt_bb_top_spacing_medium\" data-bt-override-class=\"null\"><\/div><\/div><\/div><\/div><div  class=\"bt_bb_column col-xxl-3 col-xl-3 bt_bb_vertical_align_top bt_bb_align_center bt_bb_padding_normal\" style=\"; --column-width:3;\" data-width=\"3\" data-bt-override-class=\"{&quot;bt_bb_align_&quot;:{&quot;current_class&quot;:&quot;bt_bb_align_center&quot;,&quot;def&quot;:&quot;center&quot;,&quot;xl&quot;:&quot;center&quot;}}\"><div class=\"bt_bb_column_content\"><div class=\"bt_bb_column_content_inner\"><div class=\"bt_bb_service bt_bb_color_scheme_5 bt_bb_style_borderless bt_bb_size_normal bt_bb_shape_circle bt_bb_target_self bt_bb_align_inherit\" style=\"; --primary-color:#191919; --secondary-color:var(--accent-color);\" data-bt-override-class=\"{}\"><a href=\"#\"  target=\"_self\"  title=\"FISCALIT\u00c9 LOCALE ET R\u00c9GIONALE\"  data-ico-business=\"&#xf138;\" class=\"bt_bb_icon_holder\"><\/a><div class=\"bt_bb_service_content\"><div class=\"bt_bb_service_content_title\"><a href=\"#\" target=\"_self\" title=\"FISCALIT\u00c9 LOCALE ET R\u00c9GIONALE\">FISCALIT\u00c9 LOCALE ET R\u00c9GIONALE<\/a><\/div><div class=\"bt_bb_service_content_text\">Nous sommes sp\u00e9cialis\u00e9s dans la fiscalit\u00e9, l'aide \u00e0 l'inspection, les r\u00e9clamations et les recours.<\/div><\/div><\/div><div class=\"bt_bb_separator bt_bb_border_style_none bt_bb_top_spacing_medium\" data-bt-override-class=\"null\"><\/div><\/div><\/div><\/div><div  class=\"bt_bb_column col-xxl-3 col-xl-3 bt_bb_vertical_align_top bt_bb_align_center bt_bb_padding_normal\" style=\"; --column-width:3;\" data-width=\"3\" data-bt-override-class=\"{&quot;bt_bb_align_&quot;:{&quot;current_class&quot;:&quot;bt_bb_align_center&quot;,&quot;def&quot;:&quot;center&quot;,&quot;xl&quot;:&quot;center&quot;}}\"><div class=\"bt_bb_column_content\"><div class=\"bt_bb_column_content_inner\"><div class=\"bt_bb_service bt_bb_color_scheme_5 bt_bb_style_borderless bt_bb_size_normal bt_bb_shape_circle bt_bb_target_self bt_bb_align_inherit\" style=\"; --primary-color:#191919; --secondary-color:var(--accent-color);\" data-bt-override-class=\"{}\"><a href=\"#\"  target=\"_self\"  title=\"SUCCESSIONS ET DONATIONS\"  data-ico-business=\"&#xf1a0;\" class=\"bt_bb_icon_holder\"><\/a><div class=\"bt_bb_service_content\"><div class=\"bt_bb_service_content_title\"><a href=\"#\" target=\"_self\" title=\"SUCCESSIONS ET DONATIONS\">SUCCESSIONS ET DONATIONS<\/a><\/div><div class=\"bt_bb_service_content_text\">Nous conseillons sur les transferts entre g\u00e9n\u00e9rations d'entreprises familiales, de biens personnels, de successions et de donations.<\/div><\/div><\/div><div class=\"bt_bb_separator bt_bb_border_style_none bt_bb_top_spacing_medium\" data-bt-override-class=\"null\"><\/div><\/div><\/div><\/div><\/div><\/div><\/div><!-- cell_inner --><\/div><!-- cell --><\/div><!-- port --><\/section><\/p>\n","protected":false},"excerpt":{"rendered":"","protected":false},"author":1,"featured_media":0,"parent":0,"menu_order":0,"comment_status":"closed","ping_status":"closed","template":"","meta":{"footnotes":""},"class_list":["post-4126","page","type-page","status-publish","hentry"],"yoast_head":"<!-- This site is optimized with the Yoast SEO plugin v27.4 - https:\/\/yoast.com\/product\/yoast-seo-wordpress\/ -->\n<title>Fiscalit\u00e9 et Comptabilit\u00e9 - Ibiza Consulting<\/title>\n<meta name=\"robots\" content=\"index, follow, max-snippet:-1, max-image-preview:large, max-video-preview:-1\" \/>\n<link rel=\"canonical\" href=\"https:\/\/ibizaconsulting.com\/fr\/fiscalite-et-comptabilite\/\" \/>\n<meta property=\"og:locale\" content=\"fr_FR\" \/>\n<meta property=\"og:type\" content=\"article\" \/>\n<meta property=\"og:title\" content=\"Fiscalit\u00e9 et Comptabilit\u00e9 - Ibiza Consulting\" \/>\n<meta property=\"og:url\" content=\"https:\/\/ibizaconsulting.com\/fr\/fiscalite-et-comptabilite\/\" \/>\n<meta property=\"og:site_name\" content=\"Ibiza Consulting\" \/>\n<meta property=\"article:modified_time\" content=\"2021-11-03T12:19:53+00:00\" \/>\n<meta name=\"twitter:card\" content=\"summary_large_image\" \/>\n<meta name=\"twitter:label1\" content=\"Dur\u00e9e de lecture estim\u00e9e\" \/>\n\t<meta name=\"twitter:data1\" content=\"5 minutes\" \/>\n<!-- \/ Yoast SEO plugin. -->","yoast_head_json":{"title":"Fiscalit\u00e9 et Comptabilit\u00e9 - Ibiza Consulting","robots":{"index":"index","follow":"follow","max-snippet":"max-snippet:-1","max-image-preview":"max-image-preview:large","max-video-preview":"max-video-preview:-1"},"canonical":"https:\/\/ibizaconsulting.com\/fr\/fiscalite-et-comptabilite\/","og_locale":"fr_FR","og_type":"article","og_title":"Fiscalit\u00e9 et Comptabilit\u00e9 - Ibiza Consulting","og_url":"https:\/\/ibizaconsulting.com\/fr\/fiscalite-et-comptabilite\/","og_site_name":"Ibiza Consulting","article_modified_time":"2021-11-03T12:19:53+00:00","twitter_card":"summary_large_image","twitter_misc":{"Dur\u00e9e de lecture estim\u00e9e":"5 minutes"},"schema":{"@context":"https:\/\/schema.org","@graph":[{"@type":"WebPage","@id":"https:\/\/ibizaconsulting.com\/fr\/fiscalite-et-comptabilite\/","url":"https:\/\/ibizaconsulting.com\/fr\/fiscalite-et-comptabilite\/","name":"Fiscalit\u00e9 et Comptabilit\u00e9 - Ibiza Consulting","isPartOf":{"@id":"https:\/\/ibizaconsulting.com\/#website"},"datePublished":"2021-11-03T09:21:56+00:00","dateModified":"2021-11-03T12:19:53+00:00","breadcrumb":{"@id":"https:\/\/ibizaconsulting.com\/fr\/fiscalite-et-comptabilite\/#breadcrumb"},"inLanguage":"fr-FR","potentialAction":[{"@type":"ReadAction","target":["https:\/\/ibizaconsulting.com\/fr\/fiscalite-et-comptabilite\/"]}]},{"@type":"BreadcrumbList","@id":"https:\/\/ibizaconsulting.com\/fr\/fiscalite-et-comptabilite\/#breadcrumb","itemListElement":[{"@type":"ListItem","position":1,"name":"Portada","item":"https:\/\/ibizaconsulting.com\/fr\/"},{"@type":"ListItem","position":2,"name":"Fiscalit\u00e9 et Comptabilit\u00e9"}]},{"@type":"WebSite","@id":"https:\/\/ibizaconsulting.com\/#website","url":"https:\/\/ibizaconsulting.com\/","name":"Ibiza Consulting","description":"Bufete de Abogados, Asesor\u00eda Jur\u00eddica, Laboral y Fiscal en Ibiza.","publisher":{"@id":"https:\/\/ibizaconsulting.com\/#organization"},"potentialAction":[{"@type":"SearchAction","target":{"@type":"EntryPoint","urlTemplate":"https:\/\/ibizaconsulting.com\/?s={search_term_string}"},"query-input":{"@type":"PropertyValueSpecification","valueRequired":true,"valueName":"search_term_string"}}],"inLanguage":"fr-FR"},{"@type":"Organization","@id":"https:\/\/ibizaconsulting.com\/#organization","name":"Ibiza Consulting - Asesor\u00eda Integral","url":"https:\/\/ibizaconsulting.com\/","logo":{"@type":"ImageObject","inLanguage":"fr-FR","@id":"https:\/\/ibizaconsulting.com\/#\/schema\/logo\/image\/","url":"https:\/\/ibizaconsulting.com\/wp-content\/uploads\/2018\/03\/logo-consulting-gris-blanco-80X259.png","contentUrl":"https:\/\/ibizaconsulting.com\/wp-content\/uploads\/2018\/03\/logo-consulting-gris-blanco-80X259.png","width":259,"height":80,"caption":"Ibiza Consulting - Asesor\u00eda Integral"},"image":{"@id":"https:\/\/ibizaconsulting.com\/#\/schema\/logo\/image\/"}}]}},"_links":{"self":[{"href":"https:\/\/ibizaconsulting.com\/fr\/wp-json\/wp\/v2\/pages\/4126","targetHints":{"allow":["GET"]}}],"collection":[{"href":"https:\/\/ibizaconsulting.com\/fr\/wp-json\/wp\/v2\/pages"}],"about":[{"href":"https:\/\/ibizaconsulting.com\/fr\/wp-json\/wp\/v2\/types\/page"}],"author":[{"embeddable":true,"href":"https:\/\/ibizaconsulting.com\/fr\/wp-json\/wp\/v2\/users\/1"}],"replies":[{"embeddable":true,"href":"https:\/\/ibizaconsulting.com\/fr\/wp-json\/wp\/v2\/comments?post=4126"}],"version-history":[{"count":2,"href":"https:\/\/ibizaconsulting.com\/fr\/wp-json\/wp\/v2\/pages\/4126\/revisions"}],"predecessor-version":[{"id":4128,"href":"https:\/\/ibizaconsulting.com\/fr\/wp-json\/wp\/v2\/pages\/4126\/revisions\/4128"}],"wp:attachment":[{"href":"https:\/\/ibizaconsulting.com\/fr\/wp-json\/wp\/v2\/media?parent=4126"}],"curies":[{"name":"wp","href":"https:\/\/api.w.org\/{rel}","templated":true}]}}