{"id":4133,"date":"2021-11-03T09:51:35","date_gmt":"2021-11-03T09:51:35","guid":{"rendered":"https:\/\/ibizaconsulting.com\/conseils-en-matiere-de-travail\/"},"modified":"2021-11-03T12:18:26","modified_gmt":"2021-11-03T12:18:26","slug":"ressources-humaines","status":"publish","type":"page","link":"https:\/\/ibizaconsulting.com\/fr\/ressources-humaines\/","title":{"rendered":"Ressources humaines"},"content":{"rendered":"<p><section id=\"bt_bb_section69ea1ffedce25\" class=\"bt_bb_section bt_bb_layout_boxed_1200 bt_bb_vertical_align_bottom bt_bb_top_spacing_extra_large bt_bb_bottom_spacing_extra_small\"  data-bt-override-class=\"null\"><div class=\"bt_bb_background_image_holder_wrapper\"><div class=\"bt_bb_background_image_holder bt_bb_parallax\"  data-parallax=\"0.8\" data-parallax-offset=\"-200\" data-parallax-zoom-start=\"1\" data-parallax-zoom-end=\"1\" data-parallax-blur-start=\"0\" data-parallax-blur-end=\"0\" data-parallax-opacity-start=\"1\" data-parallax-opacity-end=\"1\" style=\" background-image:url(&#039;https:\/\/ibizaconsulting.com\/wp-content\/uploads\/2018\/04\/cabecera-ibiza-consulting-ejecutivo-firmando3.jpg&#039;);\"><\/div><\/div><div class=\"bt_bb_port\"><div class=\"bt_bb_cell\"><div class=\"bt_bb_cell_inner\"><div class=\"bt_bb_row  bt_bb_column_gap_80\" style=\"; --column-gap:80px;\" data-bt-override-class=\"{}\"><div class=\"bt_bb_row_holder\" ><div  class=\"bt_bb_column col-xxl-8 col-xl-8 bt_bb_vertical_align_top bt_bb_align_left bt_bb_padding_normal\" style=\"; --column-width:8;\" data-width=\"8\" data-bt-override-class=\"{}\"><div class=\"bt_bb_column_content\"><div class=\"bt_bb_column_content_inner\"><header class=\"bt_bb_headline bt_bb_color_scheme_1 bt_bb_dash_top bt_bb_superheadline bt_bb_size_large bt_bb_align_inherit\" style=\"; --primary-color:#ffffff; --secondary-color:#191919;\" data-bt-override-class=\"{}\"><h1 class=\"bt_bb_headline_tag\"><span class=\"bt_bb_headline_superheadline\">DES SOLUTIONS PERSONNALIS\u00c9ES<\/span><span class=\"bt_bb_headline_content\"><span>Conseils en mati\u00e8re de travail<\/span><\/span><\/h1><\/header><div class=\"bt_bb_separator bt_bb_border_style_none bt_bb_top_spacing_medium\" data-bt-override-class=\"null\"><\/div><\/div><\/div><\/div><div  class=\"bt_bb_column col-xxl-4 col-xl-4 bt_bb_vertical_align_top bt_bb_align_left bt_bb_padding_normal\" style=\"; --column-width:4;\" data-width=\"4\" data-bt-override-class=\"{}\"><div class=\"bt_bb_column_content\"><div class=\"bt_bb_column_content_inner\"><\/div><\/div><\/div><\/div><\/div><\/div><!-- cell_inner --><\/div><!-- cell --><\/div><!-- port --><\/section><section id=\"bt_bb_section69ea1ffedd6b5\" class=\"bt_bb_section bt_bb_layout_boxed_1200 bt_bb_vertical_align_top bt_bb_top_spacing_medium bt_bb_bottom_spacing_small section_1column\"  data-bt-override-class=\"null\"><div class=\"bt_bb_port\"><div class=\"bt_bb_cell\"><div class=\"bt_bb_cell_inner\"><div class=\"bt_bb_row  bt_bb_column_gap_40\" style=\"; --column-gap:40px;\" data-bt-override-class=\"{}\"><div class=\"bt_bb_row_holder\" ><div  class=\"bt_bb_column col-xxl-12 col-xl-12 bt_bb_vertical_align_top bt_bb_align_left bt_bb_padding_normal\" style=\"; --column-width:12;\" data-width=\"12\" data-bt-override-class=\"{&quot;bt_bb_align_&quot;:{&quot;current_class&quot;:&quot;bt_bb_align_left&quot;,&quot;def&quot;:&quot;left&quot;,&quot;xl&quot;:&quot;left&quot;}}\"><div class=\"bt_bb_column_content\"><div class=\"bt_bb_column_content_inner\"><header class=\"bt_bb_headline textojusti bt_bb_color_scheme_2 bt_bb_dash_none bt_bb_size_small bt_bb_align_inherit textojusti\" style=\"; --primary-color:#191919; --secondary-color:#ffffff;\" data-bt-override-class=\"{}\"><h2 class=\"bt_bb_headline_tag\"><span class=\"bt_bb_headline_content\"><span>Notre d\u00e9partement de ressources humaines offre des conseils sp\u00e9cialis\u00e9s de haute qualit\u00e9, bas\u00e9s sur les besoins sp\u00e9cifiques de chaque client.<\/span><\/span><\/h2><\/header><div class=\"bt_bb_separator bt_bb_border_style_none bt_bb_top_spacing_normal\" data-bt-override-class=\"null\"><\/div><div  class=\"bt_bb_text textojusti\" ><\/p>\n<p>Il poss\u00e8de une grande exp\u00e9rience en mati\u00e8re de gestion du personnel (recrutement, salaire, s\u00e9curit\u00e9 sociale, retraites, etc.), de d\u00e9fense judiciaire et administrative, de r\u00e9glementation du travail, d&#8217;audits du travail, de pr\u00e9vention des risques professionnels, de ressources humaines et de toute autre question li\u00e9e au domaine socioprofessionnel.<\/p>\n<p>\n<\/div><div class=\"bt_bb_separator bt_bb_border_style_none bt_bb_top_spacing_medium\" data-bt-override-class=\"null\"><\/div><\/div><\/div><\/div><\/div><\/div><div class=\"bt_bb_row  bt_bb_column_gap_40\" style=\"; --column-gap:40px;\" data-bt-override-class=\"{}\"><div class=\"bt_bb_row_holder\" ><div  class=\"bt_bb_column col-xxl-3 col-xl-3 bt_bb_vertical_align_top bt_bb_align_center bt_bb_padding_normal\" style=\"; --column-width:3;\" data-width=\"3\" data-bt-override-class=\"{&quot;bt_bb_align_&quot;:{&quot;current_class&quot;:&quot;bt_bb_align_center&quot;,&quot;def&quot;:&quot;center&quot;,&quot;xl&quot;:&quot;center&quot;}}\"><div class=\"bt_bb_column_content\"><div class=\"bt_bb_column_content_inner\"><div class=\"bt_bb_service bt_bb_color_scheme_5 bt_bb_style_borderless bt_bb_size_normal bt_bb_shape_circle bt_bb_target_self bt_bb_align_inherit\" style=\"; --primary-color:#191919; --secondary-color:var(--accent-color);\" data-bt-override-class=\"{}\"><a href=\"#\"  target=\"_self\"  title=\"GESTION DU TRAVAIL\"  data-ico-business=\"&#xf14b;\" class=\"bt_bb_icon_holder\"><\/a><div class=\"bt_bb_service_content\"><div class=\"bt_bb_service_content_title\"><a href=\"#\" target=\"_self\" title=\"GESTION DU TRAVAIL\">GESTION DU TRAVAIL<\/a><\/div><div class=\"bt_bb_service_content_text\">Enregistrement des salari\u00e9s, modifications et r\u00e9siliation de contrats, assurances sociales, fiches de paie, solde de tout compte, licenciements, formulaires tc1, tc2... Des consultations illimit\u00e9es et le num\u00e9ro de t\u00e9l\u00e9phone direct de votre ou vos responsables.<\/div><\/div><\/div><div class=\"bt_bb_separator bt_bb_border_style_none bt_bb_top_spacing_medium\" data-bt-override-class=\"null\"><\/div><\/div><\/div><\/div><div  class=\"bt_bb_column col-xxl-3 col-xl-3 bt_bb_vertical_align_top bt_bb_align_center bt_bb_padding_normal\" style=\"; --column-width:3;\" data-width=\"3\" data-bt-override-class=\"{&quot;bt_bb_align_&quot;:{&quot;current_class&quot;:&quot;bt_bb_align_center&quot;,&quot;def&quot;:&quot;center&quot;,&quot;xl&quot;:&quot;center&quot;}}\"><div class=\"bt_bb_column_content\"><div class=\"bt_bb_column_content_inner\"><div class=\"bt_bb_service bt_bb_color_scheme_5 bt_bb_style_borderless bt_bb_size_normal bt_bb_shape_circle bt_bb_target_self bt_bb_align_inherit\" style=\"; --primary-color:#191919; --secondary-color:var(--accent-color);\" data-bt-override-class=\"{}\"><a href=\"#\"  target=\"_self\"  title=\"CR\u00c9ATION DE SOCI\u00c9T\u00c9S ET ENREGISTREMENT DES IND\u00c9PENDANTS\"  data-ico-business=\"&#xf10b;\" class=\"bt_bb_icon_holder\"><\/a><div class=\"bt_bb_service_content\"><div class=\"bt_bb_service_content_title\"><a href=\"#\" target=\"_self\" title=\"CR\u00c9ATION DE SOCI\u00c9T\u00c9S ET ENREGISTREMENT DES IND\u00c9PENDANTS\">CR\u00c9ATION DE SOCI\u00c9T\u00c9S ET ENREGISTREMENT DES IND\u00c9PENDANTS<\/a><\/div><div class=\"bt_bb_service_content_text\">Nous vous offrons une couverture juridique pour toute question ou probl\u00e8me concernant votre entreprise ou vos employ\u00e9s.<\/div><\/div><\/div><div class=\"bt_bb_separator bt_bb_border_style_none bt_bb_top_spacing_medium\" data-bt-override-class=\"null\"><\/div><\/div><\/div><\/div><div  class=\"bt_bb_column col-xxl-3 col-xl-3 bt_bb_vertical_align_top bt_bb_align_center bt_bb_padding_normal\" style=\"; --column-width:3;\" data-width=\"3\" data-bt-override-class=\"{&quot;bt_bb_align_&quot;:{&quot;current_class&quot;:&quot;bt_bb_align_center&quot;,&quot;def&quot;:&quot;center&quot;,&quot;xl&quot;:&quot;center&quot;}}\"><div class=\"bt_bb_column_content\"><div class=\"bt_bb_column_content_inner\"><div class=\"bt_bb_service bt_bb_color_scheme_5 bt_bb_style_borderless bt_bb_size_normal bt_bb_shape_circle bt_bb_target_self bt_bb_align_inherit\" style=\"; --primary-color:#191919; --secondary-color:var(--accent-color);\" data-bt-override-class=\"{}\"><span  data-ico-business=\"&#xf19a;\" class=\"bt_bb_icon_holder\"><\/span><div class=\"bt_bb_service_content\"><div class=\"bt_bb_service_content_title\">DES CONSEILS QUALIFI\u00c9S<\/div><div class=\"bt_bb_service_content_text\">Nous vous informons et g\u00e9rons les \u00e9ventuelles aides \u00e0 l'emploi, nous vous informons des changements r\u00e9glementaires qui vous concernent et de toute autre question int\u00e9ressant votre entreprise afin que vous soyez toujours \u00e0 jour.<\/div><\/div><\/div><div class=\"bt_bb_separator bt_bb_border_style_none bt_bb_top_spacing_medium\" data-bt-override-class=\"null\"><\/div><\/div><\/div><\/div><div  class=\"bt_bb_column col-xxl-3 col-xl-3 bt_bb_vertical_align_top bt_bb_align_center bt_bb_padding_normal\" style=\"; --column-width:3;\" data-width=\"3\" data-bt-override-class=\"{&quot;bt_bb_align_&quot;:{&quot;current_class&quot;:&quot;bt_bb_align_center&quot;,&quot;def&quot;:&quot;center&quot;,&quot;xl&quot;:&quot;center&quot;}}\"><div class=\"bt_bb_column_content\"><div class=\"bt_bb_column_content_inner\"><div class=\"bt_bb_service bt_bb_color_scheme_5 bt_bb_style_borderless bt_bb_size_normal bt_bb_shape_circle bt_bb_target_self bt_bb_align_inherit\" style=\"; --primary-color:#191919; --secondary-color:var(--accent-color);\" data-bt-override-class=\"{}\"><a href=\"#\"  target=\"_self\"  title=\"PR\u00c9VENTION DES RISQUES\"  data-ico-construction=\"&#xf127;\" class=\"bt_bb_icon_holder\"><\/a><div class=\"bt_bb_service_content\"><div class=\"bt_bb_service_content_title\"><a href=\"#\" target=\"_self\" title=\"PR\u00c9VENTION DES RISQUES\">PR\u00c9VENTION DES RISQUES<\/a><\/div><div class=\"bt_bb_service_content_text\">Des conseils complets sur la politique de pr\u00e9vention des risques au travail et le respect de la loi sur la protection des donn\u00e9es, pour garantir votre tranquillit\u00e9 d'esprit et celle de votre entreprise.<\/div><\/div><\/div><div class=\"bt_bb_separator bt_bb_border_style_none bt_bb_top_spacing_medium\" data-bt-override-class=\"null\"><\/div><\/div><\/div><\/div><\/div><\/div><\/div><!-- cell_inner --><\/div><!-- cell --><\/div><!-- port --><\/section><\/p>\n","protected":false},"excerpt":{"rendered":"","protected":false},"author":1,"featured_media":0,"parent":0,"menu_order":0,"comment_status":"closed","ping_status":"closed","template":"","meta":{"footnotes":""},"class_list":["post-4133","page","type-page","status-publish","hentry"],"yoast_head":"<!-- This site is optimized with the Yoast SEO plugin v27.4 - https:\/\/yoast.com\/product\/yoast-seo-wordpress\/ -->\n<title>Ressources humaines - Ibiza Consulting<\/title>\n<meta name=\"robots\" content=\"index, follow, max-snippet:-1, max-image-preview:large, max-video-preview:-1\" \/>\n<link rel=\"canonical\" href=\"https:\/\/ibizaconsulting.com\/fr\/ressources-humaines\/\" \/>\n<meta property=\"og:locale\" content=\"fr_FR\" \/>\n<meta property=\"og:type\" content=\"article\" \/>\n<meta property=\"og:title\" content=\"Ressources humaines - Ibiza Consulting\" \/>\n<meta property=\"og:url\" content=\"https:\/\/ibizaconsulting.com\/fr\/ressources-humaines\/\" \/>\n<meta property=\"og:site_name\" content=\"Ibiza Consulting\" \/>\n<meta property=\"article:modified_time\" content=\"2021-11-03T12:18:26+00:00\" \/>\n<meta name=\"twitter:card\" content=\"summary_large_image\" \/>\n<meta name=\"twitter:label1\" content=\"Dur\u00e9e de lecture estim\u00e9e\" \/>\n\t<meta name=\"twitter:data1\" content=\"5 minutes\" \/>\n<!-- \/ Yoast SEO plugin. -->","yoast_head_json":{"title":"Ressources humaines - Ibiza Consulting","robots":{"index":"index","follow":"follow","max-snippet":"max-snippet:-1","max-image-preview":"max-image-preview:large","max-video-preview":"max-video-preview:-1"},"canonical":"https:\/\/ibizaconsulting.com\/fr\/ressources-humaines\/","og_locale":"fr_FR","og_type":"article","og_title":"Ressources humaines - Ibiza Consulting","og_url":"https:\/\/ibizaconsulting.com\/fr\/ressources-humaines\/","og_site_name":"Ibiza Consulting","article_modified_time":"2021-11-03T12:18:26+00:00","twitter_card":"summary_large_image","twitter_misc":{"Dur\u00e9e de lecture estim\u00e9e":"5 minutes"},"schema":{"@context":"https:\/\/schema.org","@graph":[{"@type":"WebPage","@id":"https:\/\/ibizaconsulting.com\/fr\/ressources-humaines\/","url":"https:\/\/ibizaconsulting.com\/fr\/ressources-humaines\/","name":"Ressources humaines - Ibiza Consulting","isPartOf":{"@id":"https:\/\/ibizaconsulting.com\/#website"},"datePublished":"2021-11-03T09:51:35+00:00","dateModified":"2021-11-03T12:18:26+00:00","breadcrumb":{"@id":"https:\/\/ibizaconsulting.com\/fr\/ressources-humaines\/#breadcrumb"},"inLanguage":"fr-FR","potentialAction":[{"@type":"ReadAction","target":["https:\/\/ibizaconsulting.com\/fr\/ressources-humaines\/"]}]},{"@type":"BreadcrumbList","@id":"https:\/\/ibizaconsulting.com\/fr\/ressources-humaines\/#breadcrumb","itemListElement":[{"@type":"ListItem","position":1,"name":"Portada","item":"https:\/\/ibizaconsulting.com\/fr\/"},{"@type":"ListItem","position":2,"name":"Ressources humaines"}]},{"@type":"WebSite","@id":"https:\/\/ibizaconsulting.com\/#website","url":"https:\/\/ibizaconsulting.com\/","name":"Ibiza Consulting","description":"Bufete de Abogados, Asesor\u00eda Jur\u00eddica, Laboral y Fiscal en Ibiza.","publisher":{"@id":"https:\/\/ibizaconsulting.com\/#organization"},"potentialAction":[{"@type":"SearchAction","target":{"@type":"EntryPoint","urlTemplate":"https:\/\/ibizaconsulting.com\/?s={search_term_string}"},"query-input":{"@type":"PropertyValueSpecification","valueRequired":true,"valueName":"search_term_string"}}],"inLanguage":"fr-FR"},{"@type":"Organization","@id":"https:\/\/ibizaconsulting.com\/#organization","name":"Ibiza Consulting - Asesor\u00eda Integral","url":"https:\/\/ibizaconsulting.com\/","logo":{"@type":"ImageObject","inLanguage":"fr-FR","@id":"https:\/\/ibizaconsulting.com\/#\/schema\/logo\/image\/","url":"https:\/\/ibizaconsulting.com\/wp-content\/uploads\/2018\/03\/logo-consulting-gris-blanco-80X259.png","contentUrl":"https:\/\/ibizaconsulting.com\/wp-content\/uploads\/2018\/03\/logo-consulting-gris-blanco-80X259.png","width":259,"height":80,"caption":"Ibiza Consulting - Asesor\u00eda Integral"},"image":{"@id":"https:\/\/ibizaconsulting.com\/#\/schema\/logo\/image\/"}}]}},"_links":{"self":[{"href":"https:\/\/ibizaconsulting.com\/fr\/wp-json\/wp\/v2\/pages\/4133","targetHints":{"allow":["GET"]}}],"collection":[{"href":"https:\/\/ibizaconsulting.com\/fr\/wp-json\/wp\/v2\/pages"}],"about":[{"href":"https:\/\/ibizaconsulting.com\/fr\/wp-json\/wp\/v2\/types\/page"}],"author":[{"embeddable":true,"href":"https:\/\/ibizaconsulting.com\/fr\/wp-json\/wp\/v2\/users\/1"}],"replies":[{"embeddable":true,"href":"https:\/\/ibizaconsulting.com\/fr\/wp-json\/wp\/v2\/comments?post=4133"}],"version-history":[{"count":3,"href":"https:\/\/ibizaconsulting.com\/fr\/wp-json\/wp\/v2\/pages\/4133\/revisions"}],"predecessor-version":[{"id":4173,"href":"https:\/\/ibizaconsulting.com\/fr\/wp-json\/wp\/v2\/pages\/4133\/revisions\/4173"}],"wp:attachment":[{"href":"https:\/\/ibizaconsulting.com\/fr\/wp-json\/wp\/v2\/media?parent=4133"}],"curies":[{"name":"wp","href":"https:\/\/api.w.org\/{rel}","templated":true}]}}