{"id":4140,"date":"2021-11-03T10:00:13","date_gmt":"2021-11-03T10:00:13","guid":{"rendered":"https:\/\/ibizaconsulting.com\/affaires-etrangeres\/"},"modified":"2021-11-03T12:17:19","modified_gmt":"2021-11-03T12:17:19","slug":"affaires-etrangeres","status":"publish","type":"page","link":"https:\/\/ibizaconsulting.com\/fr\/affaires-etrangeres\/","title":{"rendered":"Affaires \u00e9trang\u00e8res"},"content":{"rendered":"<p><section id=\"bt_bb_section6a091f3fdff6c\" class=\"bt_bb_section bt_bb_layout_boxed_1200 bt_bb_vertical_align_bottom bt_bb_top_spacing_extra_large bt_bb_bottom_spacing_extra_small\"  data-bt-override-class=\"null\"><div class=\"bt_bb_background_image_holder_wrapper\"><div class=\"bt_bb_background_image_holder bt_bb_parallax\"  data-parallax=\"0.8\" data-parallax-offset=\"0\" data-parallax-zoom-start=\"1\" data-parallax-zoom-end=\"1\" data-parallax-blur-start=\"0\" data-parallax-blur-end=\"0\" data-parallax-opacity-start=\"1\" data-parallax-opacity-end=\"1\" style=\" background-image:url(&#039;https:\/\/ibizaconsulting.com\/wp-content\/uploads\/2018\/03\/pasaporte-extranjeria.jpg&#039;);\"><\/div><\/div><div class=\"bt_bb_port\"><div class=\"bt_bb_cell\"><div class=\"bt_bb_cell_inner\"><div class=\"bt_bb_row  bt_bb_column_gap_80\" style=\"; --column-gap:80px;\" data-bt-override-class=\"{}\"><div class=\"bt_bb_row_holder\" ><div  class=\"bt_bb_column col-xxl-8 col-xl-8 bt_bb_vertical_align_top bt_bb_align_left bt_bb_padding_normal\" style=\"; --column-width:8;\" data-width=\"8\" data-bt-override-class=\"{}\"><div class=\"bt_bb_column_content\"><div class=\"bt_bb_column_content_inner\"><header class=\"bt_bb_headline bt_bb_color_scheme_1 bt_bb_dash_top bt_bb_superheadline bt_bb_size_large bt_bb_align_inherit\" style=\"; --primary-color:#ffffff; --secondary-color:#191919;\" data-bt-override-class=\"{}\"><h1 class=\"bt_bb_headline_tag\"><span class=\"bt_bb_headline_superheadline\">UNE GRANDE EXP\u00c9RIENCE<\/span><span class=\"bt_bb_headline_content\"><span>Affaires \u00e9trang\u00e8res<\/span><\/span><\/h1><\/header><div class=\"bt_bb_separator bt_bb_border_style_none bt_bb_top_spacing_medium\" data-bt-override-class=\"null\"><\/div><\/div><\/div><\/div><div  class=\"bt_bb_column col-xxl-4 col-xl-4 bt_bb_vertical_align_top bt_bb_align_left bt_bb_padding_normal\" style=\"; --column-width:4;\" data-width=\"4\" data-bt-override-class=\"{}\"><div class=\"bt_bb_column_content\"><div class=\"bt_bb_column_content_inner\"><\/div><\/div><\/div><\/div><\/div><\/div><!-- cell_inner --><\/div><!-- cell --><\/div><!-- port --><\/section><section id=\"bt_bb_section6a091f3fe0baf\" class=\"bt_bb_section bt_bb_layout_boxed_1200 bt_bb_vertical_align_top bt_bb_top_spacing_medium bt_bb_bottom_spacing_small section_1column\"  data-bt-override-class=\"null\"><div class=\"bt_bb_port\"><div class=\"bt_bb_cell\"><div class=\"bt_bb_cell_inner\"><div class=\"bt_bb_row  bt_bb_column_gap_40\" style=\"; --column-gap:40px;\" data-bt-override-class=\"{}\"><div class=\"bt_bb_row_holder\" ><div  class=\"bt_bb_column col-xxl-12 col-xl-12 bt_bb_vertical_align_top bt_bb_align_left bt_bb_padding_normal\" style=\"; --column-width:12;\" data-width=\"12\" data-bt-override-class=\"{&quot;bt_bb_align_&quot;:{&quot;current_class&quot;:&quot;bt_bb_align_left&quot;,&quot;def&quot;:&quot;left&quot;,&quot;xl&quot;:&quot;left&quot;}}\"><div class=\"bt_bb_column_content\"><div class=\"bt_bb_column_content_inner\"><header class=\"bt_bb_headline textojusti bt_bb_color_scheme_2 bt_bb_dash_none bt_bb_size_extrasmall bt_bb_align_inherit textojusti\" style=\"; --primary-color:#191919; --secondary-color:#ffffff;\" data-bt-override-class=\"{}\"><h2 class=\"bt_bb_headline_tag\"><span class=\"bt_bb_headline_content\"><span>Nous g\u00e9rons tous les papiers et la documentation n\u00e9cessaires \u00e0 votre entreprise, ou \u00e0 vous en tant que particulier, pour g\u00e9rer les proc\u00e9dures l\u00e9gales et fiscales et la documentation n\u00e9cessaire pour cr\u00e9er votre entreprise en Espagne, pour r\u00e9aliser des ventes ou pour avoir vos papiers et ceux de votre famille et de vos v\u00e9hicules en r\u00e8gle.<\/span><\/span><\/h2><\/header><div class=\"bt_bb_separator bt_bb_border_style_none bt_bb_top_spacing_normal\" data-bt-override-class=\"null\"><\/div><div class=\"bt_bb_separator bt_bb_border_style_none bt_bb_top_spacing_medium\" data-bt-override-class=\"null\"><\/div><\/div><\/div><\/div><\/div><\/div><div class=\"bt_bb_row  bt_bb_column_gap_40\" style=\"; --column-gap:40px;\" data-bt-override-class=\"{}\"><div class=\"bt_bb_row_holder\" ><div  class=\"bt_bb_column col-xxl-3 col-xl-3 bt_bb_vertical_align_top bt_bb_align_center bt_bb_padding_normal\" style=\"; --column-width:3;\" data-width=\"3\" data-bt-override-class=\"{&quot;bt_bb_align_&quot;:{&quot;current_class&quot;:&quot;bt_bb_align_center&quot;,&quot;def&quot;:&quot;center&quot;,&quot;xl&quot;:&quot;center&quot;}}\"><div class=\"bt_bb_column_content\"><div class=\"bt_bb_column_content_inner\"><div class=\"bt_bb_service bt_bb_color_scheme_5 bt_bb_style_borderless bt_bb_size_normal bt_bb_shape_circle bt_bb_target_self bt_bb_align_inherit\" style=\"; --primary-color:#191919; --secondary-color:var(--accent-color);\" data-bt-override-class=\"{&quot;bt_bb_size_&quot;:{&quot;current_class&quot;:&quot;bt_bb_size_normal&quot;,&quot;def&quot;:&quot;normal&quot;,&quot;xl&quot;:&quot;normal&quot;},&quot;bt_bb_align_&quot;:{&quot;current_class&quot;:&quot;bt_bb_align_inherit&quot;,&quot;def&quot;:&quot;inherit&quot;,&quot;xl&quot;:&quot;inherit&quot;}}\"><span  data-ico-development=\"&#xf108;\" class=\"bt_bb_icon_holder\"><\/span><div class=\"bt_bb_service_content\"><div class=\"bt_bb_service_content_title\">DOCUMENTS PERSONNELS<\/div><div class=\"bt_bb_service_content_text\">Traitement de tous les documents n\u00e9cessaires en tant qu'\u00e9tranger pour accr\u00e9diter votre situation juridique en Espagne. NIE, TIE, etc.<\/div><\/div><\/div><div class=\"bt_bb_separator bt_bb_border_style_none bt_bb_top_spacing_medium\" data-bt-override-class=\"null\"><\/div><\/div><\/div><\/div><div  class=\"bt_bb_column col-xxl-3 col-xl-3 bt_bb_vertical_align_top bt_bb_align_center bt_bb_padding_normal\" style=\"; --column-width:3;\" data-width=\"3\" data-bt-override-class=\"{&quot;bt_bb_align_&quot;:{&quot;current_class&quot;:&quot;bt_bb_align_center&quot;,&quot;def&quot;:&quot;center&quot;,&quot;xl&quot;:&quot;center&quot;}}\"><div class=\"bt_bb_column_content\"><div class=\"bt_bb_column_content_inner\"><div class=\"bt_bb_service bt_bb_color_scheme_5 bt_bb_style_borderless bt_bb_size_normal bt_bb_shape_circle bt_bb_target_self bt_bb_align_inherit\" style=\"; --primary-color:#191919; --secondary-color:var(--accent-color);\" data-bt-override-class=\"{}\"><span  data-ico-business=\"&#xf19b;\" class=\"bt_bb_icon_holder\"><\/span><div class=\"bt_bb_service_content\"><div class=\"bt_bb_service_content_title\">ASSISTANCE AUX NOUVELLES ENTREPRISES<\/div><div class=\"bt_bb_service_content_text\">Assistance dans les proc\u00e9dures de cr\u00e9ation d'une soci\u00e9t\u00e9 en Espagne. Des solutions rapides et guid\u00e9es dans votre projet d'entrepreneur.<\/div><\/div><\/div><div class=\"bt_bb_separator bt_bb_border_style_none bt_bb_top_spacing_medium\" data-bt-override-class=\"null\"><\/div><\/div><\/div><\/div><div  class=\"bt_bb_column col-xxl-3 col-xl-3 bt_bb_vertical_align_top bt_bb_align_center bt_bb_padding_normal\" style=\"; --column-width:3;\" data-width=\"3\" data-bt-override-class=\"{&quot;bt_bb_align_&quot;:{&quot;current_class&quot;:&quot;bt_bb_align_center&quot;,&quot;def&quot;:&quot;center&quot;,&quot;xl&quot;:&quot;center&quot;}}\"><div class=\"bt_bb_column_content\"><div class=\"bt_bb_column_content_inner\"><div class=\"bt_bb_service bt_bb_color_scheme_5 bt_bb_style_borderless bt_bb_size_normal bt_bb_shape_circle bt_bb_target_self bt_bb_align_inherit\" style=\"; --primary-color:#191919; --secondary-color:var(--accent-color);\" data-bt-override-class=\"{}\"><span  data-ico-icon7stroke=\"&#xe6ae;\" class=\"bt_bb_icon_holder\"><\/span><div class=\"bt_bb_service_content\"><div class=\"bt_bb_service_content_title\">HOMOLOGATION DES V\u00c9HICULES<\/div><div class=\"bt_bb_service_content_text\">Homologation des v\u00e9hicules \u00e9trangers en Espagne : voitures, bateaux... selon la nouvelle r\u00e9glementation. <\/div><\/div><\/div><div class=\"bt_bb_separator bt_bb_border_style_none bt_bb_top_spacing_medium\" data-bt-override-class=\"null\"><\/div><\/div><\/div><\/div><div  class=\"bt_bb_column col-xxl-3 col-xl-3 bt_bb_vertical_align_top bt_bb_align_center bt_bb_padding_normal\" style=\"; --column-width:3;\" data-width=\"3\" data-bt-override-class=\"{&quot;bt_bb_align_&quot;:{&quot;current_class&quot;:&quot;bt_bb_align_center&quot;,&quot;def&quot;:&quot;center&quot;,&quot;xl&quot;:&quot;center&quot;}}\"><div class=\"bt_bb_column_content\"><div class=\"bt_bb_column_content_inner\"><div class=\"bt_bb_service bt_bb_color_scheme_5 bt_bb_style_borderless bt_bb_size_normal bt_bb_shape_circle bt_bb_target_self bt_bb_align_inherit\" style=\"; --primary-color:#191919; --secondary-color:var(--accent-color);\" data-bt-override-class=\"{}\"><span  data-ico-development=\"&#xf126;\" class=\"bt_bb_icon_holder\"><\/span><div class=\"bt_bb_service_content\"><div class=\"bt_bb_service_content_title\">VENTE DE BIENS IMMOBILIERS<\/div><div class=\"bt_bb_service_content_text\">Conseils juridiques et fiscaux, d\u00e9livrance des documents n\u00e9cessaires et assistance dans l'\u00e9valuation et l\u2019estimation du bien. <\/div><\/div><\/div><div class=\"bt_bb_separator bt_bb_border_style_none bt_bb_top_spacing_medium\" data-bt-override-class=\"null\"><\/div><\/div><\/div><\/div><\/div><\/div><\/div><!-- cell_inner --><\/div><!-- cell --><\/div><!-- port --><\/section><\/p>\n","protected":false},"excerpt":{"rendered":"","protected":false},"author":1,"featured_media":0,"parent":0,"menu_order":0,"comment_status":"closed","ping_status":"closed","template":"","meta":{"footnotes":""},"class_list":["post-4140","page","type-page","status-publish","hentry"],"yoast_head":"<!-- This site is optimized with the Yoast SEO plugin v27.5 - https:\/\/yoast.com\/product\/yoast-seo-wordpress\/ -->\n<title>Affaires \u00e9trang\u00e8res - Ibiza Consulting<\/title>\n<meta name=\"robots\" content=\"index, follow, max-snippet:-1, max-image-preview:large, max-video-preview:-1\" \/>\n<link rel=\"canonical\" href=\"https:\/\/ibizaconsulting.com\/fr\/affaires-etrangeres\/\" \/>\n<meta property=\"og:locale\" content=\"fr_FR\" \/>\n<meta property=\"og:type\" content=\"article\" \/>\n<meta property=\"og:title\" content=\"Affaires \u00e9trang\u00e8res - Ibiza Consulting\" \/>\n<meta property=\"og:url\" content=\"https:\/\/ibizaconsulting.com\/fr\/affaires-etrangeres\/\" \/>\n<meta property=\"og:site_name\" content=\"Ibiza Consulting\" \/>\n<meta property=\"article:modified_time\" content=\"2021-11-03T12:17:19+00:00\" \/>\n<meta name=\"twitter:card\" content=\"summary_large_image\" \/>\n<meta name=\"twitter:label1\" content=\"Dur\u00e9e de lecture estim\u00e9e\" \/>\n\t<meta name=\"twitter:data1\" content=\"5 minutes\" \/>\n<!-- \/ Yoast SEO plugin. -->","yoast_head_json":{"title":"Affaires \u00e9trang\u00e8res - Ibiza Consulting","robots":{"index":"index","follow":"follow","max-snippet":"max-snippet:-1","max-image-preview":"max-image-preview:large","max-video-preview":"max-video-preview:-1"},"canonical":"https:\/\/ibizaconsulting.com\/fr\/affaires-etrangeres\/","og_locale":"fr_FR","og_type":"article","og_title":"Affaires \u00e9trang\u00e8res - Ibiza Consulting","og_url":"https:\/\/ibizaconsulting.com\/fr\/affaires-etrangeres\/","og_site_name":"Ibiza Consulting","article_modified_time":"2021-11-03T12:17:19+00:00","twitter_card":"summary_large_image","twitter_misc":{"Dur\u00e9e de lecture estim\u00e9e":"5 minutes"},"schema":{"@context":"https:\/\/schema.org","@graph":[{"@type":"WebPage","@id":"https:\/\/ibizaconsulting.com\/fr\/affaires-etrangeres\/","url":"https:\/\/ibizaconsulting.com\/fr\/affaires-etrangeres\/","name":"Affaires \u00e9trang\u00e8res - Ibiza Consulting","isPartOf":{"@id":"https:\/\/ibizaconsulting.com\/#website"},"datePublished":"2021-11-03T10:00:13+00:00","dateModified":"2021-11-03T12:17:19+00:00","breadcrumb":{"@id":"https:\/\/ibizaconsulting.com\/fr\/affaires-etrangeres\/#breadcrumb"},"inLanguage":"fr-FR","potentialAction":[{"@type":"ReadAction","target":["https:\/\/ibizaconsulting.com\/fr\/affaires-etrangeres\/"]}]},{"@type":"BreadcrumbList","@id":"https:\/\/ibizaconsulting.com\/fr\/affaires-etrangeres\/#breadcrumb","itemListElement":[{"@type":"ListItem","position":1,"name":"Portada","item":"https:\/\/ibizaconsulting.com\/fr\/"},{"@type":"ListItem","position":2,"name":"Affaires \u00e9trang\u00e8res"}]},{"@type":"WebSite","@id":"https:\/\/ibizaconsulting.com\/#website","url":"https:\/\/ibizaconsulting.com\/","name":"Ibiza Consulting","description":"Bufete de Abogados, Asesor\u00eda Jur\u00eddica, Laboral y Fiscal en Ibiza.","publisher":{"@id":"https:\/\/ibizaconsulting.com\/#organization"},"potentialAction":[{"@type":"SearchAction","target":{"@type":"EntryPoint","urlTemplate":"https:\/\/ibizaconsulting.com\/?s={search_term_string}"},"query-input":{"@type":"PropertyValueSpecification","valueRequired":true,"valueName":"search_term_string"}}],"inLanguage":"fr-FR"},{"@type":"Organization","@id":"https:\/\/ibizaconsulting.com\/#organization","name":"Ibiza Consulting - Asesor\u00eda Integral","url":"https:\/\/ibizaconsulting.com\/","logo":{"@type":"ImageObject","inLanguage":"fr-FR","@id":"https:\/\/ibizaconsulting.com\/#\/schema\/logo\/image\/","url":"https:\/\/ibizaconsulting.com\/wp-content\/uploads\/2018\/03\/logo-consulting-gris-blanco-80X259.png","contentUrl":"https:\/\/ibizaconsulting.com\/wp-content\/uploads\/2018\/03\/logo-consulting-gris-blanco-80X259.png","width":259,"height":80,"caption":"Ibiza Consulting - Asesor\u00eda Integral"},"image":{"@id":"https:\/\/ibizaconsulting.com\/#\/schema\/logo\/image\/"}}]}},"_links":{"self":[{"href":"https:\/\/ibizaconsulting.com\/fr\/wp-json\/wp\/v2\/pages\/4140","targetHints":{"allow":["GET"]}}],"collection":[{"href":"https:\/\/ibizaconsulting.com\/fr\/wp-json\/wp\/v2\/pages"}],"about":[{"href":"https:\/\/ibizaconsulting.com\/fr\/wp-json\/wp\/v2\/types\/page"}],"author":[{"embeddable":true,"href":"https:\/\/ibizaconsulting.com\/fr\/wp-json\/wp\/v2\/users\/1"}],"replies":[{"embeddable":true,"href":"https:\/\/ibizaconsulting.com\/fr\/wp-json\/wp\/v2\/comments?post=4140"}],"version-history":[{"count":2,"href":"https:\/\/ibizaconsulting.com\/fr\/wp-json\/wp\/v2\/pages\/4140\/revisions"}],"predecessor-version":[{"id":4142,"href":"https:\/\/ibizaconsulting.com\/fr\/wp-json\/wp\/v2\/pages\/4140\/revisions\/4142"}],"wp:attachment":[{"href":"https:\/\/ibizaconsulting.com\/fr\/wp-json\/wp\/v2\/media?parent=4140"}],"curies":[{"name":"wp","href":"https:\/\/api.w.org\/{rel}","templated":true}]}}