{"id":4144,"date":"2021-11-03T10:15:01","date_gmt":"2021-11-03T10:15:01","guid":{"rendered":"https:\/\/ibizaconsulting.com\/location-touristique\/"},"modified":"2021-11-03T12:20:30","modified_gmt":"2021-11-03T12:20:30","slug":"location-touristique","status":"publish","type":"page","link":"https:\/\/ibizaconsulting.com\/fr\/location-touristique\/","title":{"rendered":"Location touristique"},"content":{"rendered":"<p><section id=\"bt_bb_section69ea1c66d0538\" class=\"bt_bb_section bt_bb_color_scheme_1 bt_bb_layout_boxed_1200 bt_bb_vertical_align_top bt_bb_background_overlay_dark_solid bt_bb_top_spacing_extra_large bt_bb_bottom_spacing_medium\" style=\"; --section-primary-color:#ffffff; --section-secondary-color:#191919;\" data-bt-override-class=\"null\"><div class=\"bt_bb_background_image_holder_wrapper\"><div class=\"bt_bb_background_image_holder bt_bb_parallax\"  data-parallax=\"0.8\" data-parallax-offset=\"0\" data-parallax-zoom-start=\"1\" data-parallax-zoom-end=\"1\" data-parallax-blur-start=\"0\" data-parallax-blur-end=\"0\" data-parallax-opacity-start=\"1\" data-parallax-opacity-end=\"1\" style=\" background-image:url(&#039;https:\/\/ibizaconsulting.com\/wp-content\/uploads\/2018\/12\/Foto-Vivienda-Vacacional-Licencia-Ibiza-Eivissa.jpg&#039;);\"><\/div><\/div><div class=\"bt_bb_port\"><div class=\"bt_bb_cell\"><div class=\"bt_bb_cell_inner\"><div class=\"bt_bb_row  bt_bb_column_gap_80\" style=\"; --column-gap:80px;\" data-bt-override-class=\"{}\"><div class=\"bt_bb_row_holder\" ><div  class=\"bt_bb_column col-xxl-8 col-xl-8 bt_bb_vertical_align_top bt_bb_align_left bt_bb_padding_normal\" style=\"; --column-width:8;\" data-width=\"8\" data-bt-override-class=\"{}\"><div class=\"bt_bb_column_content\"><div class=\"bt_bb_column_content_inner\"><header class=\"bt_bb_headline bt_bb_dash_top bt_bb_superheadline bt_bb_size_extralarge bt_bb_align_inherit\" data-bt-override-class=\"{}\"><h1 class=\"bt_bb_headline_tag\"><span class=\"bt_bb_headline_superheadline\">NOUVELLE LOI<\/span><span class=\"bt_bb_headline_content\"><span>Nous g\u00e9rons votre licence<br \/><br \/>\npour location touristique<\/span><\/span><\/h1><\/header><div class=\"bt_bb_separator bt_bb_border_style_none bt_bb_top_spacing_medium\" data-bt-override-class=\"null\"><\/div><\/div><\/div><\/div><div  class=\"bt_bb_column col-xxl-4 col-xl-4 bt_bb_vertical_align_top bt_bb_align_left bt_bb_padding_normal\" style=\"; --column-width:4;\" data-width=\"4\" data-bt-override-class=\"{}\"><div class=\"bt_bb_column_content\"><div class=\"bt_bb_column_content_inner\"><\/div><\/div><\/div><\/div><\/div><\/div><!-- cell_inner --><\/div><!-- cell --><\/div><!-- port --><\/section><section id=\"bt_bb_section69ea1c66d0df7\" class=\"bt_bb_section bt_bb_layout_boxed_1200 bt_bb_vertical_align_top bt_bb_top_spacing_medium bt_bb_bottom_spacing_small section_1column\"  data-bt-override-class=\"null\"><div class=\"bt_bb_port\"><div class=\"bt_bb_cell\"><div class=\"bt_bb_cell_inner\"><div class=\"bt_bb_row  bt_bb_column_gap_40\" style=\"; --column-gap:40px;\" data-bt-override-class=\"{}\"><div class=\"bt_bb_row_holder\" ><div  class=\"bt_bb_column col-xxl-12 col-xl-12 bt_bb_vertical_align_top bt_bb_align_left bt_bb_padding_normal\" style=\"; --column-width:12;\" data-width=\"12\" data-bt-override-class=\"{&quot;bt_bb_align_&quot;:{&quot;current_class&quot;:&quot;bt_bb_align_left&quot;,&quot;def&quot;:&quot;left&quot;,&quot;xl&quot;:&quot;left&quot;}}\"><div class=\"bt_bb_column_content\"><div class=\"bt_bb_column_content_inner\"><header class=\"bt_bb_headline textojusti bt_bb_color_scheme_2 bt_bb_dash_none bt_bb_size_small bt_bb_align_inherit textojusti\" style=\"; --primary-color:#191919; --secondary-color:#ffffff;\" data-bt-override-class=\"{}\"><h2 class=\"bt_bb_headline_tag\"><span class=\"bt_bb_headline_content\"><span>Nous traitons votre licence pour location touristique d\u00e8s le d\u00e9but et en conformit\u00e9 avec les exigences incluses dans la nouvelle loi 6\/2017 du 31 juillet.<\/span><\/span><\/h2><\/header><div class=\"bt_bb_separator bt_bb_border_style_none bt_bb_top_spacing_normal\" data-bt-override-class=\"null\"><\/div><div  class=\"bt_bb_text textojusti\" ><\/p>\n<p>Ibiza Consulting poss\u00e8de la meilleure exp\u00e9rience dans le traitement des licences pour location touristique, mais aussi dans le paiement des taxes rattach\u00e9es. N&#8217;h\u00e9sitez pas \u00e0 nous appeler sans engagement si vous envisagez de demander une licence pour location touristique pour votre propri\u00e9t\u00e9.<\/p>\n<p>\n<\/div><div class=\"bt_bb_separator bt_bb_border_style_none bt_bb_top_spacing_medium\" data-bt-override-class=\"null\"><\/div><\/div><\/div><\/div><\/div><\/div><div class=\"bt_bb_row  bt_bb_column_gap_40\" style=\"; --column-gap:40px;\" data-bt-override-class=\"{}\"><div class=\"bt_bb_row_holder\" ><div  class=\"bt_bb_column col-xxl-4 col-xl-4 bt_bb_vertical_align_top bt_bb_align_center bt_bb_padding_normal\" style=\"; --column-width:4;\" data-width=\"4\" data-bt-override-class=\"{&quot;bt_bb_align_&quot;:{&quot;current_class&quot;:&quot;bt_bb_align_center&quot;,&quot;def&quot;:&quot;center&quot;,&quot;xl&quot;:&quot;center&quot;}}\"><div class=\"bt_bb_column_content\"><div class=\"bt_bb_column_content_inner\"><div class=\"bt_bb_service bt_bb_color_scheme_5 bt_bb_style_borderless bt_bb_size_normal bt_bb_shape_circle bt_bb_target_self bt_bb_align_inherit\" style=\"; --primary-color:#191919; --secondary-color:var(--accent-color);\" data-bt-override-class=\"{}\"><a href=\"#\"  target=\"_self\"  title=\"CONSEIL DE LOCATION TOURISTIQUE\"  data-ico-development=\"&#xf136;\" class=\"bt_bb_icon_holder\"><\/a><div class=\"bt_bb_service_content\"><div class=\"bt_bb_service_content_title\"><a href=\"#\" target=\"_self\" title=\"CONSEIL DE LOCATION TOURISTIQUE\">CONSEIL DE LOCATION TOURISTIQUE<\/a><\/div><div class=\"bt_bb_service_content_text\">Votre maison r\u00e9pond-elle aux exigences de la loi ? Ne vous inqui\u00e9tez pas si vous n'\u00eates pas s\u00fbr. Appelez-nous et voyez par vous-m\u00eame.<\/div><\/div><\/div><div class=\"bt_bb_separator bt_bb_border_style_none bt_bb_top_spacing_medium\" data-bt-override-class=\"null\"><\/div><\/div><\/div><\/div><div  class=\"bt_bb_column col-xxl-4 col-xl-4 bt_bb_vertical_align_top bt_bb_align_center bt_bb_padding_normal\" style=\"; --column-width:4;\" data-width=\"4\" data-bt-override-class=\"{&quot;bt_bb_align_&quot;:{&quot;current_class&quot;:&quot;bt_bb_align_center&quot;,&quot;def&quot;:&quot;center&quot;,&quot;xl&quot;:&quot;center&quot;}}\"><div class=\"bt_bb_column_content\"><div class=\"bt_bb_column_content_inner\"><div class=\"bt_bb_service bt_bb_color_scheme_5 bt_bb_style_borderless bt_bb_size_normal bt_bb_shape_circle bt_bb_target_self bt_bb_align_inherit\" style=\"; --primary-color:#191919; --secondary-color:var(--accent-color);\" data-bt-override-class=\"{&quot;bt_bb_size_&quot;:{&quot;current_class&quot;:&quot;bt_bb_size_normal&quot;,&quot;def&quot;:&quot;normal&quot;,&quot;xl&quot;:&quot;normal&quot;},&quot;bt_bb_align_&quot;:{&quot;current_class&quot;:&quot;bt_bb_align_inherit&quot;,&quot;def&quot;:&quot;inherit&quot;,&quot;xl&quot;:&quot;inherit&quot;}}\"><a href=\"#\"  target=\"_self\"  title=\"R\u00c9DACTION DE DOCUMENTS\"  data-ico-development=\"&#xf11d;\" class=\"bt_bb_icon_holder\"><\/a><div class=\"bt_bb_service_content\"><div class=\"bt_bb_service_content_title\"><a href=\"#\" target=\"_self\" title=\"R\u00c9DACTION DE DOCUMENTS\">R\u00c9DACTION DE DOCUMENTS<\/a><\/div><div class=\"bt_bb_service_content_text\">R\u00e9daction de contrats entre propri\u00e9taire et exploitant ainsi que r\u00e9daction de contrats entre exploitant et locataires. R\u00e9daction de tout type de document afin de recueillir des situations particuli\u00e8res ou sporadiques.<br \/><br \/>\nAssistance juridique pour les inspections touristiques en mati\u00e8re de maisons de vacances.<\/div><\/div><\/div><div class=\"bt_bb_separator bt_bb_border_style_none bt_bb_top_spacing_medium\" data-bt-override-class=\"null\"><\/div><\/div><\/div><\/div><div  class=\"bt_bb_column col-xxl-4 col-xl-4 bt_bb_vertical_align_top bt_bb_align_center bt_bb_padding_normal\" style=\"; --column-width:4;\" data-width=\"4\" data-bt-override-class=\"{&quot;bt_bb_align_&quot;:{&quot;current_class&quot;:&quot;bt_bb_align_center&quot;,&quot;def&quot;:&quot;center&quot;,&quot;xl&quot;:&quot;center&quot;}}\"><div class=\"bt_bb_column_content\"><div class=\"bt_bb_column_content_inner\"><div class=\"bt_bb_service bt_bb_color_scheme_5 bt_bb_style_borderless bt_bb_size_normal bt_bb_shape_circle bt_bb_target_self bt_bb_align_inherit\" style=\"; --primary-color:#191919; --secondary-color:var(--accent-color);\" data-bt-override-class=\"{}\"><span  data-ico-business=\"&#xf138;\" class=\"bt_bb_icon_holder\"><\/span><div class=\"bt_bb_service_content\"><div class=\"bt_bb_service_content_title\">PAIEMENT ECOTASE<\/div><div class=\"bt_bb_service_content_text\">Nous g\u00e9rons le paiement des tarifs correspondants, dont le tarif dit \u00e9co, obligatoire pour tous les \u00e9tablissements de vacances.<\/div><\/div><\/div><div class=\"bt_bb_separator bt_bb_border_style_none bt_bb_top_spacing_medium\" data-bt-override-class=\"null\"><\/div><\/div><\/div><\/div><\/div><\/div><div class=\"bt_bb_row  bt_bb_column_gap_40\" style=\"; --column-gap:40px;\" data-bt-override-class=\"{}\"><div class=\"bt_bb_row_holder\" ><div  class=\"bt_bb_column col-xxl-6 col-xl-6 bt_bb_vertical_align_top bt_bb_align_center bt_bb_padding_double\" style=\"; --column-width:6;\" data-width=\"6\" data-bt-override-class=\"{&quot;bt_bb_align_&quot;:{&quot;current_class&quot;:&quot;bt_bb_align_center&quot;,&quot;def&quot;:&quot;center&quot;,&quot;xl&quot;:&quot;center&quot;}}\"><div class=\"bt_bb_column_content\"><div class=\"bt_bb_column_content_inner\"><div class=\"bt_bb_service bt_bb_color_scheme_5 bt_bb_style_borderless bt_bb_size_normal bt_bb_shape_circle bt_bb_target_self bt_bb_align_inherit\" style=\"; --primary-color:#191919; --secondary-color:var(--accent-color);\" data-bt-override-class=\"{}\"><span  data-ico-business=\"&#xf138;\" class=\"bt_bb_icon_holder\"><\/span><div class=\"bt_bb_service_content\"><div class=\"bt_bb_service_content_title\">PROC\u00c9DURES DE LICENCE<\/div><div class=\"bt_bb_service_content_text\">Demander ou modifier une licence de vacances peut \u00eatre tr\u00e8s fastidieux. Nous nous occupons de pr\u00e9senter toute la documentation et de la suivre jusqu'\u00e0 son enregistrement complet. Nous accompagnons m\u00eame l'inspecteur du Tourisme lors de son inspection.<\/div><\/div><\/div><div class=\"bt_bb_separator bt_bb_border_style_none bt_bb_top_spacing_medium\" data-bt-override-class=\"null\"><\/div><\/div><\/div><\/div><div  class=\"bt_bb_column col-xxl-6 col-xl-6 bt_bb_vertical_align_top bt_bb_align_center bt_bb_padding_double\" style=\"; --column-width:6;\" data-width=\"6\" data-bt-override-class=\"{&quot;bt_bb_align_&quot;:{&quot;current_class&quot;:&quot;bt_bb_align_center&quot;,&quot;def&quot;:&quot;center&quot;,&quot;xl&quot;:&quot;center&quot;}}\"><div class=\"bt_bb_column_content\"><div class=\"bt_bb_column_content_inner\"><div class=\"bt_bb_service bt_bb_color_scheme_5 bt_bb_style_borderless bt_bb_size_normal bt_bb_shape_circle bt_bb_target_self bt_bb_align_inherit\" style=\"; --primary-color:#191919; --secondary-color:var(--accent-color);\" data-bt-override-class=\"{}\"><a href=\"#\"  target=\"_self\"  title=\"CONSEILS CONTINUS\"  data-ico-essential=\"&#xe9bc;\" class=\"bt_bb_icon_holder\"><\/a><div class=\"bt_bb_service_content\"><div class=\"bt_bb_service_content_title\"><a href=\"#\" target=\"_self\" title=\"CONSEILS CONTINUS\">CONSEILS CONTINUS<\/a><\/div><div class=\"bt_bb_service_content_text\">Les lois changent sporadiquement et ces changements peuvent entra\u00eener de grands changements qui affectent votre maison. Ne soyez pas laiss\u00e9 pour compte et restez \u00e0 jour avec notre aide.<\/div><\/div><\/div><div class=\"bt_bb_separator bt_bb_border_style_none bt_bb_top_spacing_medium\" data-bt-override-class=\"null\"><\/div><\/div><\/div><\/div><\/div><\/div><\/div><!-- cell_inner --><\/div><!-- cell --><\/div><!-- port --><\/section><\/p>\n","protected":false},"excerpt":{"rendered":"","protected":false},"author":1,"featured_media":0,"parent":0,"menu_order":0,"comment_status":"closed","ping_status":"closed","template":"","meta":{"footnotes":""},"class_list":["post-4144","page","type-page","status-publish","hentry"],"yoast_head":"<!-- This site is optimized with the Yoast SEO plugin v27.4 - https:\/\/yoast.com\/product\/yoast-seo-wordpress\/ -->\n<title>Location touristique - Ibiza Consulting<\/title>\n<meta name=\"robots\" content=\"index, follow, max-snippet:-1, max-image-preview:large, max-video-preview:-1\" \/>\n<link rel=\"canonical\" href=\"https:\/\/ibizaconsulting.com\/fr\/location-touristique\/\" \/>\n<meta property=\"og:locale\" content=\"fr_FR\" \/>\n<meta property=\"og:type\" content=\"article\" \/>\n<meta property=\"og:title\" content=\"Location touristique - Ibiza Consulting\" \/>\n<meta property=\"og:url\" content=\"https:\/\/ibizaconsulting.com\/fr\/location-touristique\/\" \/>\n<meta property=\"og:site_name\" content=\"Ibiza Consulting\" \/>\n<meta property=\"article:modified_time\" content=\"2021-11-03T12:20:30+00:00\" \/>\n<meta name=\"twitter:card\" content=\"summary_large_image\" \/>\n<meta name=\"twitter:label1\" content=\"Dur\u00e9e de lecture estim\u00e9e\" \/>\n\t<meta name=\"twitter:data1\" content=\"6 minutes\" \/>\n<!-- \/ Yoast SEO plugin. -->","yoast_head_json":{"title":"Location touristique - Ibiza Consulting","robots":{"index":"index","follow":"follow","max-snippet":"max-snippet:-1","max-image-preview":"max-image-preview:large","max-video-preview":"max-video-preview:-1"},"canonical":"https:\/\/ibizaconsulting.com\/fr\/location-touristique\/","og_locale":"fr_FR","og_type":"article","og_title":"Location touristique - Ibiza Consulting","og_url":"https:\/\/ibizaconsulting.com\/fr\/location-touristique\/","og_site_name":"Ibiza Consulting","article_modified_time":"2021-11-03T12:20:30+00:00","twitter_card":"summary_large_image","twitter_misc":{"Dur\u00e9e de lecture estim\u00e9e":"6 minutes"},"schema":{"@context":"https:\/\/schema.org","@graph":[{"@type":"WebPage","@id":"https:\/\/ibizaconsulting.com\/fr\/location-touristique\/","url":"https:\/\/ibizaconsulting.com\/fr\/location-touristique\/","name":"Location touristique - Ibiza Consulting","isPartOf":{"@id":"https:\/\/ibizaconsulting.com\/#website"},"datePublished":"2021-11-03T10:15:01+00:00","dateModified":"2021-11-03T12:20:30+00:00","breadcrumb":{"@id":"https:\/\/ibizaconsulting.com\/fr\/location-touristique\/#breadcrumb"},"inLanguage":"fr-FR","potentialAction":[{"@type":"ReadAction","target":["https:\/\/ibizaconsulting.com\/fr\/location-touristique\/"]}]},{"@type":"BreadcrumbList","@id":"https:\/\/ibizaconsulting.com\/fr\/location-touristique\/#breadcrumb","itemListElement":[{"@type":"ListItem","position":1,"name":"Portada","item":"https:\/\/ibizaconsulting.com\/fr\/"},{"@type":"ListItem","position":2,"name":"Location touristique"}]},{"@type":"WebSite","@id":"https:\/\/ibizaconsulting.com\/#website","url":"https:\/\/ibizaconsulting.com\/","name":"Ibiza Consulting","description":"Bufete de Abogados, Asesor\u00eda Jur\u00eddica, Laboral y Fiscal en Ibiza.","publisher":{"@id":"https:\/\/ibizaconsulting.com\/#organization"},"potentialAction":[{"@type":"SearchAction","target":{"@type":"EntryPoint","urlTemplate":"https:\/\/ibizaconsulting.com\/?s={search_term_string}"},"query-input":{"@type":"PropertyValueSpecification","valueRequired":true,"valueName":"search_term_string"}}],"inLanguage":"fr-FR"},{"@type":"Organization","@id":"https:\/\/ibizaconsulting.com\/#organization","name":"Ibiza Consulting - Asesor\u00eda Integral","url":"https:\/\/ibizaconsulting.com\/","logo":{"@type":"ImageObject","inLanguage":"fr-FR","@id":"https:\/\/ibizaconsulting.com\/#\/schema\/logo\/image\/","url":"https:\/\/ibizaconsulting.com\/wp-content\/uploads\/2018\/03\/logo-consulting-gris-blanco-80X259.png","contentUrl":"https:\/\/ibizaconsulting.com\/wp-content\/uploads\/2018\/03\/logo-consulting-gris-blanco-80X259.png","width":259,"height":80,"caption":"Ibiza Consulting - Asesor\u00eda Integral"},"image":{"@id":"https:\/\/ibizaconsulting.com\/#\/schema\/logo\/image\/"}}]}},"_links":{"self":[{"href":"https:\/\/ibizaconsulting.com\/fr\/wp-json\/wp\/v2\/pages\/4144","targetHints":{"allow":["GET"]}}],"collection":[{"href":"https:\/\/ibizaconsulting.com\/fr\/wp-json\/wp\/v2\/pages"}],"about":[{"href":"https:\/\/ibizaconsulting.com\/fr\/wp-json\/wp\/v2\/types\/page"}],"author":[{"embeddable":true,"href":"https:\/\/ibizaconsulting.com\/fr\/wp-json\/wp\/v2\/users\/1"}],"replies":[{"embeddable":true,"href":"https:\/\/ibizaconsulting.com\/fr\/wp-json\/wp\/v2\/comments?post=4144"}],"version-history":[{"count":2,"href":"https:\/\/ibizaconsulting.com\/fr\/wp-json\/wp\/v2\/pages\/4144\/revisions"}],"predecessor-version":[{"id":4146,"href":"https:\/\/ibizaconsulting.com\/fr\/wp-json\/wp\/v2\/pages\/4144\/revisions\/4146"}],"wp:attachment":[{"href":"https:\/\/ibizaconsulting.com\/fr\/wp-json\/wp\/v2\/media?parent=4144"}],"curies":[{"name":"wp","href":"https:\/\/api.w.org\/{rel}","templated":true}]}}